{"id":325,"date":"2025-01-02T08:50:59","date_gmt":"2025-01-02T07:50:59","guid":{"rendered":"https:\/\/greendoor-noclegi.pl\/price-list\/"},"modified":"2025-06-24T14:32:35","modified_gmt":"2025-06-24T12:32:35","slug":"pricing","status":"publish","type":"page","link":"https:\/\/greendoor-noclegi.pl\/en\/pricing\/","title":{"rendered":"Pricing"},"content":{"rendered":"<p><div class=\"fusion-fullwidth fullwidth-box fusion-builder-row-1 fusion-flex-container has-pattern-background has-mask-background p-pricing nonhundred-percent-fullwidth non-hundred-percent-height-scrolling\" style=\"--awb-border-radius-top-left:0px;--awb-border-radius-top-right:0px;--awb-border-radius-bottom-right:0px;--awb-border-radius-bottom-left:0px;--awb-flex-wrap:wrap;\" ><div class=\"fusion-builder-row fusion-row fusion-flex-align-items-flex-start fusion-flex-content-wrap\" style=\"max-width:1248px;margin-left: calc(-4% \/ 2 );margin-right: calc(-4% \/ 2 );\"><div class=\"fusion-layout-column fusion_builder_column fusion-builder-column-0 fusion_builder_column_1_1 1_1 fusion-flex-column\" style=\"--awb-bg-size:cover;--awb-width-large:100%;--awb-margin-top-large:0px;--awb-spacing-right-large:1.92%;--awb-margin-bottom-large:0px;--awb-spacing-left-large:1.92%;--awb-width-medium:100%;--awb-spacing-right-medium:1.92%;--awb-spacing-left-medium:1.92%;--awb-width-small:100%;--awb-spacing-right-small:1.92%;--awb-spacing-left-small:1.92%;\"><div class=\"fusion-column-wrapper fusion-flex-justify-content-flex-start fusion-content-layout-column\"><div class=\"fusion-text fusion-text-1\"><p style=\"text-align: center;\">To <strong>find out the price<\/strong> on the selected date, use the <strong>search engine<\/strong> below<\/p>\n<\/div>\n<div id=\"widgetHolder_b591ixoz8\"><\/div>\n<p><script>\n    (function (w, d, s, o, f, js, fjs) {\n      if (w[o]) return;\n      w['BB-Widget'] = o; w[o] = w[o] || function () { (w[o].q = w[o].q || []).push(arguments) };\n      js = d.createElement(s), fjs = d.getElementsByTagName(s)[0];\n      js.id = o; js.src = f; js.async = 1; fjs.parentNode.insertBefore(js, fjs);\n    }(window, document, 'script', 'w1', 'https:\/\/bed-booking.com\/widget\/widget.js'));\n    w1('init', {targetElementId: 'widgetHolder_b591ixoz8',widgetId: 'd6864a7c356b6016d371e44ec03a1d310e7ba409', type:'simple', staticWidget: 1})\n  <\/script><\/div><\/div><\/div><\/div><div class=\"fusion-fullwidth fullwidth-box fusion-builder-row-2 fusion-flex-container has-pattern-background has-mask-background r-testi nonhundred-percent-fullwidth non-hundred-percent-height-scrolling\" style=\"--awb-border-radius-top-left:0px;--awb-border-radius-top-right:0px;--awb-border-radius-bottom-right:0px;--awb-border-radius-bottom-left:0px;--awb-flex-wrap:wrap;\" ><div class=\"fusion-builder-row fusion-row fusion-flex-align-items-flex-start fusion-flex-content-wrap\" style=\"max-width:1248px;margin-left: calc(-4% \/ 2 );margin-right: calc(-4% \/ 2 );\"><div class=\"fusion-layout-column fusion_builder_column fusion-builder-column-1 fusion_builder_column_1_1 1_1 fusion-flex-column\" style=\"--awb-bg-size:cover;--awb-width-large:100%;--awb-margin-top-large:0px;--awb-spacing-right-large:1.92%;--awb-margin-bottom-large:0px;--awb-spacing-left-large:1.92%;--awb-width-medium:100%;--awb-order-medium:0;--awb-spacing-right-medium:1.92%;--awb-spacing-left-medium:1.92%;--awb-width-small:100%;--awb-order-small:0;--awb-spacing-right-small:1.92%;--awb-spacing-left-small:1.92%;\"><div class=\"fusion-column-wrapper fusion-column-has-shadow fusion-flex-justify-content-flex-start fusion-content-layout-column\"><div class=\"fusion-text fusion-text-2 c-title-section\"><p>How they rated us<\/p>\n<\/div><div class=\"rpi\" style=\"\" data-id=\"394\" data-opts='{&quot;layout&quot;:&quot;grid&quot;,&quot;style_style&quot;:&quot;1&quot;,&quot;style_stars&quot;:&quot;4&quot;,&quot;style_ava&quot;:&quot;1&quot;,&quot;head_logo&quot;:&quot;5&quot;,&quot;style_logo&quot;:&quot;1&quot;,&quot;pagination&quot;:&quot;10&quot;,&quot;text_size&quot;:&quot;&quot;,&quot;hide_avatar&quot;:&quot;&quot;,&quot;hide_name&quot;:&quot;&quot;,&quot;disable_review_time&quot;:&quot;&quot;,&quot;disable_user_link&quot;:&quot;&quot;,&quot;disable_google_link&quot;:&quot;&quot;,&quot;open_link&quot;:&quot;1&quot;,&quot;nofollow_link&quot;:&quot;1&quot;,&quot;lazy_load_img&quot;:&quot;1&quot;,&quot;time_format&quot;:&quot;&quot;,&quot;breakpoints&quot;:&quot;3000:3&quot;,&quot;ajax_load&quot;:&quot;&quot;,&quot;trans&quot;:{&quot;read more&quot;:&quot;read more&quot;,&quot;review us on&quot;:&quot;review us on&quot;,&quot;See all reviews&quot;:&quot;See all reviews&quot;,&quot;More reviews&quot;:&quot;More reviews&quot;,&quot;Response from the owner&quot;:&quot;Response from the owner&quot;}}' data-exec=\"\"><div class=\"rpi-cnt rpi-col-m rpi-grid rpi-sh\" data-opts='' style=\"visibility:var(--visible, hidden)\" ><div class=\"rpi-header rpi-header_top\"><div class=\"rpi-cards\"><div class=\"rpi-card rpi-card_block\" data-provider=\"google\"><div class=\"rpi-card-inner rpi-flexwrap\"><span class=\"rpi-logos\"><span class=\"rpi-logo rpi-logo-google\"><\/span><\/span><div class=\"rpi-flex\"><div class=\"rpi-info\"><div class=\"rpi-stars\"><span class=\"rpi-star\" data-rating=\"5.0\"><\/span><span class=\"rpi-star\"><\/span><span class=\"rpi-star\"><\/span><span class=\"rpi-star\"><\/span><span class=\"rpi-star\"><\/span><\/div><\/div><\/div><\/div><\/div><\/div><\/div><div class=\"rpi-content rpi-content_top\"><div class=\"rpi-cards\" data-count=\"6\" data-offset=\"6\"><div class=\"rpi-card\" data-provider=\"google\" data-rat=\"5\"><div class=\"rpi-card-inner\"><i class=\"\"><\/i><div class=\"rpi-flex\"><div class=\"rpi-img\"><img decoding=\"async\" src=\"data:image\/svg+xml,%3Csvg%20xmlns%3D%27http%3A%2F%2Fwww.w3.org%2F2000%2Fsvg%27%20width%3D%2756%27%20height%3D%2756%27%20viewBox%3D%270%200%2056%2056%27%3E%3Crect%20width%3D%2756%27%20height%3D%2756%27%20fill-opacity%3D%220%22%2F%3E%3C%2Fsvg%3E\" data-orig-src=\"https:\/\/lh3.googleusercontent.com\/a-\/ALV-UjVQeU0ImdjrFgYcnTra8F0j0xymAgFCheyFtvnybnz_vLfc9AhQmw=s56-c-rp-mo-ba2-br100\" class=\"lazyload rpi-img\" loading=\"lazy\" width=\"56\" height=\"56\" alt=\"\" onerror=\"if(this.src!='https:\/\/greendoor-noclegi.pl\/wp-content\/plugins\/business-reviews-bundle\/assets\/img\/google_avatar.png')this.src='https:\/\/greendoor-noclegi.pl\/wp-content\/plugins\/business-reviews-bundle\/assets\/img\/google_avatar.png';\"><\/div><div class=\"rpi-info\"><a href=\"https:\/\/search.google.com\/local\/reviews?placeid=ChIJ3d8KDgCVFkcRMxqMBLXT36Y\" class=\"rpi-name\" target=\"_blank\" rel=\"noopener nofollow\" aria-label=\"Filip K. - google user profile\">Filip K.<\/a><div class=\"rpi-time\" data-time=\"1773840891\"><\/div><div class=\"rpi-stars\"><span class=\"rpi-star\"><\/span><span class=\"rpi-star\"><\/span><span class=\"rpi-star\"><\/span><span class=\"rpi-star\"><\/span><span class=\"rpi-star\"><\/span><\/div><\/div><\/div><div class=\"rpi-body rpi-normal-up__body\"><div class=\"rpi-text rpi-scroll\" tabindex=\"0\">Amazing stay in perfect location with all the equipment. Apartment was super clean, with all the stuff you need and with private parking behind the gate. I can 100% reccomend!<\/div><\/div><\/div><\/div><div class=\"rpi-card\" data-provider=\"google\" data-rat=\"5\"><div class=\"rpi-card-inner\"><i class=\"\"><\/i><div class=\"rpi-flex\"><div class=\"rpi-img\"><img decoding=\"async\" src=\"data:image\/svg+xml,%3Csvg%20xmlns%3D%27http%3A%2F%2Fwww.w3.org%2F2000%2Fsvg%27%20width%3D%2756%27%20height%3D%2756%27%20viewBox%3D%270%200%2056%2056%27%3E%3Crect%20width%3D%2756%27%20height%3D%2756%27%20fill-opacity%3D%220%22%2F%3E%3C%2Fsvg%3E\" data-orig-src=\"https:\/\/lh3.googleusercontent.com\/a\/ACg8ocJSHXQtNQtWZTJVA0E18qAJanuQk-751YyatutUQi_eBPjEuS4=s56-c-rp-mo-br100\" class=\"lazyload rpi-img\" loading=\"lazy\" width=\"56\" height=\"56\" alt=\"\" onerror=\"if(this.src!='https:\/\/greendoor-noclegi.pl\/wp-content\/plugins\/business-reviews-bundle\/assets\/img\/google_avatar.png')this.src='https:\/\/greendoor-noclegi.pl\/wp-content\/plugins\/business-reviews-bundle\/assets\/img\/google_avatar.png';\"><\/div><div class=\"rpi-info\"><a href=\"https:\/\/search.google.com\/local\/reviews?placeid=ChIJ3d8KDgCVFkcRMxqMBLXT36Y\" class=\"rpi-name\" target=\"_blank\" rel=\"noopener nofollow\" aria-label=\"Mariana S. - google user profile\">Mariana S.<\/a><div class=\"rpi-time\" data-time=\"1772290461\"><\/div><div class=\"rpi-stars\"><span class=\"rpi-star\"><\/span><span class=\"rpi-star\"><\/span><span class=\"rpi-star\"><\/span><span class=\"rpi-star\"><\/span><span class=\"rpi-star\"><\/span><\/div><\/div><\/div><div class=\"rpi-body rpi-normal-up__body\"><div class=\"rpi-text rpi-scroll\" tabindex=\"0\">It's a quiet place that's worth visiting.<br \/>It's clean and cozy.<br \/>I recommend it<\/div><\/div><\/div><\/div><div class=\"rpi-card\" data-provider=\"google\" data-rat=\"5\"><div class=\"rpi-card-inner\"><i class=\"\"><\/i><div class=\"rpi-flex\"><div class=\"rpi-img\"><img decoding=\"async\" src=\"data:image\/svg+xml,%3Csvg%20xmlns%3D%27http%3A%2F%2Fwww.w3.org%2F2000%2Fsvg%27%20width%3D%2756%27%20height%3D%2756%27%20viewBox%3D%270%200%2056%2056%27%3E%3Crect%20width%3D%2756%27%20height%3D%2756%27%20fill-opacity%3D%220%22%2F%3E%3C%2Fsvg%3E\" data-orig-src=\"https:\/\/lh3.googleusercontent.com\/a-\/ALV-UjXRLLBF4xKMXmuihfK5qZNKw8t-cgMm-bDx0FxnCSzZl_4pcBfB=s56-c-rp-mo-br100\" class=\"lazyload rpi-img\" loading=\"lazy\" width=\"56\" height=\"56\" alt=\"\" onerror=\"if(this.src!='https:\/\/greendoor-noclegi.pl\/wp-content\/plugins\/business-reviews-bundle\/assets\/img\/google_avatar.png')this.src='https:\/\/greendoor-noclegi.pl\/wp-content\/plugins\/business-reviews-bundle\/assets\/img\/google_avatar.png';\"><\/div><div class=\"rpi-info\"><a href=\"https:\/\/search.google.com\/local\/reviews?placeid=ChIJ3d8KDgCVFkcRMxqMBLXT36Y\" class=\"rpi-name\" target=\"_blank\" rel=\"noopener nofollow\" aria-label=\"Mano E. - google user profile\">Mano E.<\/a><div class=\"rpi-time\" data-time=\"1772289601\"><\/div><div class=\"rpi-stars\"><span class=\"rpi-star\"><\/span><span class=\"rpi-star\"><\/span><span class=\"rpi-star\"><\/span><span class=\"rpi-star\"><\/span><span class=\"rpi-star\"><\/span><\/div><\/div><\/div><div class=\"rpi-body rpi-normal-up__body\"><div class=\"rpi-text rpi-scroll\" tabindex=\"0\">It's a great place to stay<br \/>stay at.<br \/>The rooms are nice,with great equipment.<br \/>There are a lot of things to visit around it.<\/div><\/div><\/div><\/div><div class=\"rpi-card\" data-provider=\"google\" data-rat=\"5\"><div class=\"rpi-card-inner\"><i class=\"\"><\/i><div class=\"rpi-flex\"><div class=\"rpi-img\"><img decoding=\"async\" src=\"data:image\/svg+xml,%3Csvg%20xmlns%3D%27http%3A%2F%2Fwww.w3.org%2F2000%2Fsvg%27%20width%3D%2756%27%20height%3D%2756%27%20viewBox%3D%270%200%2056%2056%27%3E%3Crect%20width%3D%2756%27%20height%3D%2756%27%20fill-opacity%3D%220%22%2F%3E%3C%2Fsvg%3E\" data-orig-src=\"https:\/\/lh3.googleusercontent.com\/a-\/ALV-UjVO5RwTfOHcZIDGJaAXzxLmil1UxhpgqHAdytfBrbbmuOVib-WpKw=s56-c-rp-mo-ba5-br100\" class=\"lazyload rpi-img\" loading=\"lazy\" width=\"56\" height=\"56\" alt=\"\" onerror=\"if(this.src!='https:\/\/greendoor-noclegi.pl\/wp-content\/plugins\/business-reviews-bundle\/assets\/img\/google_avatar.png')this.src='https:\/\/greendoor-noclegi.pl\/wp-content\/plugins\/business-reviews-bundle\/assets\/img\/google_avatar.png';\"><\/div><div class=\"rpi-info\"><a href=\"https:\/\/search.google.com\/local\/reviews?placeid=ChIJ3d8KDgCVFkcRMxqMBLXT36Y\" class=\"rpi-name\" target=\"_blank\" rel=\"noopener nofollow\" aria-label=\"Jakub G. - google user profile\">Jakub G.<\/a><div class=\"rpi-time\" data-time=\"1757255990\"><\/div><div class=\"rpi-stars\"><span class=\"rpi-star\"><\/span><span class=\"rpi-star\"><\/span><span class=\"rpi-star\"><\/span><span class=\"rpi-star\"><\/span><span class=\"rpi-star\"><\/span><\/div><\/div><\/div><div class=\"rpi-body rpi-normal-up__body\"><div class=\"rpi-text rpi-scroll\" tabindex=\"0\">Pobyt w Green Door Apartment by\u0142 absolutnie fantastyczny! Apartament zachwyca wygod\u0105 i czysto\u015bci\u0105, a stylowe urz\u0105dzenie wn\u0119trza sprawia, \u017ce od razu mo\u017cna poczu\u0107 si\u0119 jak w domu. Stosunek ceny do jako\u015bci jest naprawd\u0119 perfekcyjny \u2013 trudno znale\u017a\u0107 lepsz\u0105 ofert\u0119. Dodatkowym atutem jest prywatny, ogrodzony i bardzo bezpieczny parking, co daje ogromny komfort podczas podr\u00f3\u017cy samochodem. Kontakt z w\u0142a\u015bcicielk\u0105 zas\u0142uguje na szczeg\u00f3lne wyr\u00f3\u017cnienie \u2013 przesympatyczna osoba, niezwykle pomocna i zawsze dost\u0119pna. Zdecydowanie polecam ka\u017cdemu, kto szuka komfortowego i bezproblemowego miejsca na nocleg<\/div><\/div><\/div><\/div><div class=\"rpi-card\" data-provider=\"google\" data-rat=\"5\"><div class=\"rpi-card-inner\"><i class=\"\"><\/i><div class=\"rpi-flex\"><div class=\"rpi-img\"><img decoding=\"async\" src=\"data:image\/svg+xml,%3Csvg%20xmlns%3D%27http%3A%2F%2Fwww.w3.org%2F2000%2Fsvg%27%20width%3D%2756%27%20height%3D%2756%27%20viewBox%3D%270%200%2056%2056%27%3E%3Crect%20width%3D%2756%27%20height%3D%2756%27%20fill-opacity%3D%220%22%2F%3E%3C%2Fsvg%3E\" data-orig-src=\"https:\/\/lh3.googleusercontent.com\/a\/ACg8ocLBERbcAfQf36bmaVjfC4hEeEesQYnGtitDRmnbhA1Lz4V1DQ=s56-c-rp-mo-br100\" class=\"lazyload rpi-img\" loading=\"lazy\" width=\"56\" height=\"56\" alt=\"\" onerror=\"if(this.src!='https:\/\/greendoor-noclegi.pl\/wp-content\/plugins\/business-reviews-bundle\/assets\/img\/google_avatar.png')this.src='https:\/\/greendoor-noclegi.pl\/wp-content\/plugins\/business-reviews-bundle\/assets\/img\/google_avatar.png';\"><\/div><div class=\"rpi-info\"><a href=\"https:\/\/search.google.com\/local\/reviews?placeid=ChIJ3d8KDgCVFkcRMxqMBLXT36Y\" class=\"rpi-name\" target=\"_blank\" rel=\"noopener nofollow\" aria-label=\"Konrad S. - google user profile\">konrad S.<\/a><div class=\"rpi-time\" data-time=\"1756047297\"><\/div><div class=\"rpi-stars\"><span class=\"rpi-star\"><\/span><span class=\"rpi-star\"><\/span><span class=\"rpi-star\"><\/span><span class=\"rpi-star\"><\/span><span class=\"rpi-star\"><\/span><\/div><\/div><\/div><div class=\"rpi-body rpi-normal-up__body\"><div class=\"rpi-text rpi-scroll\" tabindex=\"0\">Apartamenty na najwy\u017cszym poziomie. Wszystko zgodne z opisami i zdj\u0119ciami. Czyste schludne i bardzo elegancko urz\u0105dzone. Kto\u015b w\u0142o\u017cy\u0142 mn\u00f3stwo czasu, energi i serca \u017ceby tak przygotowa\u0107 i wyremontowa\u0107 . Wyposazone we wszystko co potrzebne na urlopie. Poprostu mega &#x1f44d;<\/div><\/div><\/div><\/div><div class=\"rpi-card\" data-provider=\"google\" data-rat=\"5\"><div class=\"rpi-card-inner\"><i class=\"\"><\/i><div class=\"rpi-flex\"><div class=\"rpi-img\"><img decoding=\"async\" src=\"data:image\/svg+xml,%3Csvg%20xmlns%3D%27http%3A%2F%2Fwww.w3.org%2F2000%2Fsvg%27%20width%3D%2756%27%20height%3D%2756%27%20viewBox%3D%270%200%2056%2056%27%3E%3Crect%20width%3D%2756%27%20height%3D%2756%27%20fill-opacity%3D%220%22%2F%3E%3C%2Fsvg%3E\" data-orig-src=\"https:\/\/lh3.googleusercontent.com\/a\/ACg8ocI7jT857k8KCQe7OqsXyymxaizMdcOt8RU1imuaatGkqGKx5Q=s56-c-rp-mo-br100\" class=\"lazyload rpi-img\" loading=\"lazy\" width=\"56\" height=\"56\" alt=\"\" onerror=\"if(this.src!='https:\/\/greendoor-noclegi.pl\/wp-content\/plugins\/business-reviews-bundle\/assets\/img\/google_avatar.png')this.src='https:\/\/greendoor-noclegi.pl\/wp-content\/plugins\/business-reviews-bundle\/assets\/img\/google_avatar.png';\"><\/div><div class=\"rpi-info\"><a href=\"https:\/\/search.google.com\/local\/reviews?placeid=ChIJ3d8KDgCVFkcRMxqMBLXT36Y\" class=\"rpi-name\" target=\"_blank\" rel=\"noopener nofollow\" aria-label=\"Pawe\u0142 K. - google user profile\">Pawe\u0142 K.<\/a><div class=\"rpi-time\" data-time=\"1755509030\"><\/div><div class=\"rpi-stars\"><span class=\"rpi-star\"><\/span><span class=\"rpi-star\"><\/span><span class=\"rpi-star\"><\/span><span class=\"rpi-star\"><\/span><span class=\"rpi-star\"><\/span><\/div><\/div><\/div><div class=\"rpi-body rpi-normal-up__body\"><div class=\"rpi-text rpi-scroll\" tabindex=\"0\">Pobyt w tym miejscu by\u0142 wyj\u0105tkowo udany. Bardzo mili i go\u015bcinni gospodarze sprawili, \u017ce czuli\u015bmy si\u0119 jak w domu. Pokoje czyste zadbane urz\u0105dzone ze smakiem, ca\u0142o\u015b\u0107 utrzymana na najwy\u017cszym poziomie. Wszytsko dopi\u0119te na ostatni guzik z ogromn\u0105 dba\u0142o\u015bci\u0105 o ka\u017cdy szczeg\u00f3\u0142. Zdecydowanie polecam to miejsce ka\u017cdemu, kto szuka komfortu i przyjaznej atmosfery. Wspomn\u0119 tylko jeszcze \u017ce kuchnia urz\u0105dzona na wypasie ekspres do kawy lod\u00f3wka zamra\u017carka mikrofala no po prostu luksus. Napewno tu wr\u00f3\u0107my Ania Pawe\u0142 Wiktorek<\/div><\/div><\/div><\/div><\/div><\/div><\/div><span class=\"rpi-hide\" style=\"display:none\"><style>.rpi-stars[data-rating]::before,.rpi-star:first-child[data-rating]::before{content:attr(data-rating);color:var(--star-color);font-size:var(--head-grade-fs);font-weight:var(--head-grade-weight,900)}<\/style><\/span><img decoding=\"async\" src=\"data:image\/gif;base64,R0lGODlhAQABAIAAAAAAAP\/\/\/yH5BAEAAAAALAAAAAABAAEAAAIBRAA7\" alt=\"\" onload=\"(function(el) { window.brb_vars=window.brb_vars||{ajaxurl:'https:\/\/greendoor-noclegi.pl\/wp-admin\/admin-ajax.php'}; var t = setInterval(function() {if (window.RichPlugins && !el.getAttribute('data-exec')) { let l = 'grid'; RichPlugins.init(el); clearInterval(t) }}, 200)})(this.closest('.rpi'))\" width=\"1\" height=\"1\" style=\"display:none\"><\/div><div style=\"text-align:center;\"><a class=\"fusion-button button-flat fusion-button-default-size button-default fusion-button-default button-1 fusion-button-default-span fusion-button-default-type c-button\" target=\"_self\" title=\"Read more\" aria-label=\"Read more\" href=\"https:\/\/greendoor-noclegi.pl\/en\/feedback\/\"><span class=\"fusion-button-text\">Read more<\/span><\/a><\/div><\/div><\/div><\/div><\/div>\n<\/p>\n","protected":false},"excerpt":{"rendered":"","protected":false},"author":1,"featured_media":0,"parent":0,"menu_order":0,"comment_status":"closed","ping_status":"closed","template":"100-width.php","meta":{"footnotes":""},"class_list":["post-325","page","type-page","status-publish","hentry"],"_links":{"self":[{"href":"https:\/\/greendoor-noclegi.pl\/en\/wp-json\/wp\/v2\/pages\/325","targetHints":{"allow":["GET"]}}],"collection":[{"href":"https:\/\/greendoor-noclegi.pl\/en\/wp-json\/wp\/v2\/pages"}],"about":[{"href":"https:\/\/greendoor-noclegi.pl\/en\/wp-json\/wp\/v2\/types\/page"}],"author":[{"embeddable":true,"href":"https:\/\/greendoor-noclegi.pl\/en\/wp-json\/wp\/v2\/users\/1"}],"replies":[{"embeddable":true,"href":"https:\/\/greendoor-noclegi.pl\/en\/wp-json\/wp\/v2\/comments?post=325"}],"version-history":[{"count":3,"href":"https:\/\/greendoor-noclegi.pl\/en\/wp-json\/wp\/v2\/pages\/325\/revisions"}],"predecessor-version":[{"id":362,"href":"https:\/\/greendoor-noclegi.pl\/en\/wp-json\/wp\/v2\/pages\/325\/revisions\/362"}],"wp:attachment":[{"href":"https:\/\/greendoor-noclegi.pl\/en\/wp-json\/wp\/v2\/media?parent=325"}],"curies":[{"name":"wp","href":"https:\/\/api.w.org\/{rel}","templated":true}]}}