{"id":310,"date":"2025-01-02T08:51:50","date_gmt":"2025-01-02T07:51:50","guid":{"rendered":"https:\/\/greendoor-noclegi.pl\/contact\/"},"modified":"2025-06-24T15:36:12","modified_gmt":"2025-06-24T13:36:12","slug":"contact","status":"publish","type":"page","link":"https:\/\/greendoor-noclegi.pl\/en\/contact\/","title":{"rendered":"Contact"},"content":{"rendered":"<div class=\"fusion-fullwidth fullwidth-box fusion-builder-row-1 fusion-flex-container has-pattern-background has-mask-background p-contact nonhundred-percent-fullwidth non-hundred-percent-height-scrolling\" style=\"--awb-border-radius-top-left:0px;--awb-border-radius-top-right:0px;--awb-border-radius-bottom-right:0px;--awb-border-radius-bottom-left:0px;--awb-flex-wrap:wrap;\" ><div class=\"fusion-builder-row fusion-row fusion-flex-align-items-flex-start fusion-flex-content-wrap\" style=\"max-width:1248px;margin-left: calc(-4% \/ 2 );margin-right: calc(-4% \/ 2 );\"><div class=\"fusion-layout-column fusion_builder_column fusion-builder-column-0 fusion_builder_column_1_2 1_2 fusion-flex-column\" style=\"--awb-bg-size:cover;--awb-width-large:50%;--awb-margin-top-large:0px;--awb-spacing-right-large:3.84%;--awb-margin-bottom-large:0px;--awb-spacing-left-large:3.84%;--awb-width-medium:50%;--awb-order-medium:0;--awb-spacing-right-medium:3.84%;--awb-spacing-left-medium:3.84%;--awb-width-small:100%;--awb-order-small:0;--awb-spacing-right-small:1.92%;--awb-spacing-left-small:1.92%;\"><div class=\"fusion-column-wrapper fusion-column-has-shadow fusion-flex-justify-content-flex-start fusion-content-layout-column\"><div class=\"fusion-text fusion-text-1 c-text\" style=\"--awb-content-alignment:center;\"><h3 class=\"fusion-responsive-typography-calculated\" data-fontsize=\"24\" data-lineheight=\"28.8px\">Do you have questions? Get in touch by phone or email<\/h3>\n<p>Tel: <a href=\"tel:+48609642911\">+48 609 642 911<\/a><br \/>\nE: <a href=\"mailto:pensjonat.greendoor@gmail.com\">pensjonat.greendoor@gmail.com<\/a><\/p>\n<h3>Contact information<\/h3>\n<p>Street. Jagie\u0142\u0142y 73, 32-600 O\u015bwi\u0119cim<br \/>\nNIP: PL 5491008604<\/p>\n<\/div><div style=\"text-align:center;\"><a class=\"fusion-button button-flat fusion-button-default-size button-default fusion-button-default button-1 fusion-button-default-span fusion-button-default-type c-button\" style=\"--button_text_transform:uppercase;\" target=\"_blank\" rel=\"noopener noreferrer\" title=\"Navigate to us\" aria-label=\"Navigate to us\" href=\"https:\/\/www.google.com\/maps\/dir\/\/W%C5%82adys%C5%82awa+Jagie%C5%82%C5%82y+73+32-600+O%C5%9Bwi%C4%99cim\/@50.0260128,19.2158321,16z\/data=!4m5!4m4!1m0!1m2!1m1!1s0x47169599657148bd:0x4ea852ad8549fe97\"><i class=\"fa-location-arrow fas button-icon-left\" aria-hidden=\"true\"><\/i><span class=\"fusion-button-text\">Navigate to us<\/span><\/a><\/div><\/div><\/div><div class=\"fusion-layout-column fusion_builder_column fusion-builder-column-1 fusion_builder_column_1_2 1_2 fusion-flex-column\" style=\"--awb-bg-size:cover;--awb-width-large:50%;--awb-margin-top-large:0px;--awb-spacing-right-large:3.84%;--awb-margin-bottom-large:0px;--awb-spacing-left-large:3.84%;--awb-width-medium:50%;--awb-order-medium:0;--awb-spacing-right-medium:3.84%;--awb-spacing-left-medium:3.84%;--awb-width-small:100%;--awb-order-small:0;--awb-spacing-right-small:1.92%;--awb-spacing-left-small:1.92%;\"><div class=\"fusion-column-wrapper fusion-column-has-shadow fusion-flex-justify-content-flex-start fusion-content-layout-column\"><div class=\"fusion-text fusion-text-2 md-text-align-center sm-text-align-center c-text\"><h3>How to reach us?<\/h3>\n<\/div><iframe style=\"border: 0;\" src=\"https:\/\/www.google.com\/maps\/embed?pb=!1m18!1m12!1m3!1d2563.217895264984!2d19.213251813252317!3d50.0260127713955!2m3!1f0!2f0!3f0!3m2!1i1024!2i768!4f13.1!3m3!1m2!1s0x47169599657148bd:0x4ea852ad8549fe97!2zV8WCYWR5c8WCYXdhIEphZ2llxYLFgnkgNzMsIDMyLTYwMCBPxZt3acSZY2lt!5e0!3m2!1spl!2spl!4v1736421409746!5m2!1spl!2spl\" width=\"600\" height=\"450\" allowfullscreen=\"allowfullscreen\"><\/iframe><\/div><\/div><\/div><\/div>\n","protected":false},"excerpt":{"rendered":"","protected":false},"author":1,"featured_media":0,"parent":0,"menu_order":0,"comment_status":"closed","ping_status":"closed","template":"100-width.php","meta":{"footnotes":""},"class_list":["post-310","page","type-page","status-publish","hentry"],"_links":{"self":[{"href":"https:\/\/greendoor-noclegi.pl\/en\/wp-json\/wp\/v2\/pages\/310","targetHints":{"allow":["GET"]}}],"collection":[{"href":"https:\/\/greendoor-noclegi.pl\/en\/wp-json\/wp\/v2\/pages"}],"about":[{"href":"https:\/\/greendoor-noclegi.pl\/en\/wp-json\/wp\/v2\/types\/page"}],"author":[{"embeddable":true,"href":"https:\/\/greendoor-noclegi.pl\/en\/wp-json\/wp\/v2\/users\/1"}],"replies":[{"embeddable":true,"href":"https:\/\/greendoor-noclegi.pl\/en\/wp-json\/wp\/v2\/comments?post=310"}],"version-history":[{"count":1,"href":"https:\/\/greendoor-noclegi.pl\/en\/wp-json\/wp\/v2\/pages\/310\/revisions"}],"predecessor-version":[{"id":391,"href":"https:\/\/greendoor-noclegi.pl\/en\/wp-json\/wp\/v2\/pages\/310\/revisions\/391"}],"wp:attachment":[{"href":"https:\/\/greendoor-noclegi.pl\/en\/wp-json\/wp\/v2\/media?parent=310"}],"curies":[{"name":"wp","href":"https:\/\/api.w.org\/{rel}","templated":true}]}}